{"id":44,"date":"2022-06-15T12:49:51","date_gmt":"2022-06-15T12:49:51","guid":{"rendered":"https:\/\/xn--tablod-mwa.fr\/?page_id=44"},"modified":"2022-06-21T09:52:09","modified_gmt":"2022-06-21T09:52:09","slug":"contact","status":"publish","type":"page","link":"https:\/\/xn--tablod-mwa.fr\/?page_id=44","title":{"rendered":"Pour qui\u00a0?"},"content":{"rendered":"\n\n\t<i>Construisez une identit\u00e9 num\u00e9rique qui vous ressemble.<br \/>\n<\/i>\n\t\t<h2>\n\t\t\tPour qui ?\n\t\t<\/h2>\n\t<p>Je suis dirigeant, chef d&rsquo;entreprise, profession lib\u00e9rale :<\/p>\n<ul>\n<li>Je souhaite prendre la parole ou pr\u00e9senter mon expertise sur un sujet.<\/li>\n<li>Je veux qu&rsquo;on m&rsquo;accompagne pour des prises de parole ponctuelles ou r\u00e9guli\u00e8res sur des sujets pr\u00e9cis, et sur diff\u00e9rents canaux (Twitter, Linkedin&#8230;).<\/li>\n<li>Je veux me pr\u00e9senter. Je souhaite d\u00e9finir qui je suis ou mon activit\u00e9, d&rsquo;une fa\u00e7on sensible et compr\u00e9hensible.<\/li>\n<li>Je veux raconter quelque chose qui m&rsquo;est arriv\u00e9. Un morceau de vie, une le\u00e7on professionnelle.<\/li>\n<li>Je voudrais red\u00e9finir et ma\u00eetriser mon identit\u00e9 digitale, exister sur Google d&rsquo;une fa\u00e7on qui me convienne et que je ma\u00eetrise.<\/li>\n<\/ul>\n<p>&nbsp;<\/p>\n<p>Je ne souhaite pas prendre la parole au nom de ma fonction, mais m&rsquo;exprimer sur un sujet qui me tient \u00e0 coeur.<\/p>\n<ul>\n<li>T\u00e9moignage priv\u00e9s pour des proches (histoire de vie, biographie&#8230;)<\/li>\n<li>Prises de parole \u00e0 destination des r\u00e9seaux sociaux<\/li>\n<li>Messages priv\u00e9s ou publics<\/li>\n<\/ul>\n<p>&nbsp;<\/p>\n\t<p>Dans chacun de ces cas, nous prenons le temps n\u00e9cessaire (1 \u00e0 2h de pr\u00e9-entretien), et d\u00e9terminons la strat\u00e9gie qui vous est la plus appropri\u00e9e. Nous identifions les asp\u00e9rit\u00e9s qui rendent votre parcours singulier et \u00e0 identifier la raison d&rsquo;\u00eatre de votre entreprise.<\/p>\nNous vous conseillons le format le plus appropri\u00e9 selon votre objectif et votre budget.<br \/>\nEnsuite, nous le produisons avec vous.\n<p>Si vous souhaitez une m\u00e9diatisation ou une amplification sur les r\u00e9seaux sociaux, nous sommes toujours l\u00e0.<\/p>\n\t\t<h2>\n\t\t\tOffre \n\t\t<\/h2>\n\t<p>Portraits \/ \u00c0 propos pour des sites internet (texte, vid\u00e9o)<\/p>\n<p>Prises de parole face cam\u00e9ra en formats courts (vid\u00e9o de 3-10 minutes)<\/p>\nGrands entretiens (format interview) en formats podcast ou vid\u00e9o<br \/>\n(30 min- 1H00)\n<p>Strat\u00e9gie et production de prises de parole (Twitter, Linkedin, Instagram) pour dirigeants (texte, vid\u00e9o)<\/p>\n<p>Si souhait\u00e9, h\u00e9bergement de ces contenus en ligne.<\/p>\n\t\t<h2>\n\t\t\tFormats\n\t\t<\/h2>\n\t<p>Avec des portraits ou interviews \u00e9crits.<\/p>\n<p>Via des enregistrements audio (podcasts).<\/p>\n<p>Via des enregistrements vid\u00e9o.<\/p>\n<p>L&rsquo;intervieweur peut appara\u00eetre dans le champ ou se faire oublier.\u00a0<\/p>\n\t\t<h2>\n\t\t\tO\u00f9 ma prise de parole sera-t-elle visible\u00a0?\n\t\t<\/h2>\n\t<p>Nous d\u00e9terminerons cela ensemble selon vos objectifs. Cela peut \u00eatre priv\u00e9 ou rester au sein de l&rsquo;entreprise.<\/p>\n<p>Une publication sur vos r\u00e9seaux et sur les r\u00e9seaux sociaux (Instagram, Twitter, Linkedin, youTube) est \u00e9galement envisageable.<\/p>\n<p>Une m\u00e9diatisation de votre contenu est \u00e9galement possible.<\/p>\n\t<p>Suivez nous<\/p>\n\n","protected":false},"excerpt":{"rendered":"<p>Construisez une identit\u00e9 num\u00e9rique qui vous ressemble. Pour qui ? Je suis dirigeant, chef d&rsquo;entreprise, profession lib\u00e9rale : Je souhaite prendre la parole ou pr\u00e9senter mon expertise sur un sujet. Je veux qu&rsquo;on m&rsquo;accompagne pour des prises de parole ponctuelles ou r\u00e9guli\u00e8res sur des sujets pr\u00e9cis, et sur diff\u00e9rents canaux (Twitter, Linkedin&#8230;). Je veux me&hellip;<\/p>\n","protected":false},"author":1,"featured_media":0,"parent":0,"menu_order":0,"comment_status":"closed","ping_status":"closed","template":"","meta":{"om_disable_all_campaigns":false,"_monsterinsights_skip_tracking":false,"_monsterinsights_sitenote_active":false,"_monsterinsights_sitenote_note":"","_monsterinsights_sitenote_category":0},"_links":{"self":[{"href":"https:\/\/xn--tablod-mwa.fr\/index.php?rest_route=\/wp\/v2\/pages\/44"}],"collection":[{"href":"https:\/\/xn--tablod-mwa.fr\/index.php?rest_route=\/wp\/v2\/pages"}],"about":[{"href":"https:\/\/xn--tablod-mwa.fr\/index.php?rest_route=\/wp\/v2\/types\/page"}],"author":[{"embeddable":true,"href":"https:\/\/xn--tablod-mwa.fr\/index.php?rest_route=\/wp\/v2\/users\/1"}],"replies":[{"embeddable":true,"href":"https:\/\/xn--tablod-mwa.fr\/index.php?rest_route=%2Fwp%2Fv2%2Fcomments&post=44"}],"version-history":[{"count":35,"href":"https:\/\/xn--tablod-mwa.fr\/index.php?rest_route=\/wp\/v2\/pages\/44\/revisions"}],"predecessor-version":[{"id":202,"href":"https:\/\/xn--tablod-mwa.fr\/index.php?rest_route=\/wp\/v2\/pages\/44\/revisions\/202"}],"wp:attachment":[{"href":"https:\/\/xn--tablod-mwa.fr\/index.php?rest_route=%2Fwp%2Fv2%2Fmedia&parent=44"}],"curies":[{"name":"wp","href":"https:\/\/api.w.org\/{rel}","templated":true}]}}