{"id":53,"date":"2022-06-15T13:37:44","date_gmt":"2022-06-15T13:37:44","guid":{"rendered":"https:\/\/xn--tablod-mwa.fr\/?page_id=53"},"modified":"2022-06-21T10:05:20","modified_gmt":"2022-06-21T10:05:20","slug":"nous-contacter","status":"publish","type":"page","link":"https:\/\/xn--tablod-mwa.fr\/?page_id=53","title":{"rendered":"Nous contacter"},"content":{"rendered":"\n\n\t\t<h2>\n\t\t\tNous contacter\n\t\t<\/h2>\n<form>\n\t<input type=\"hidden\" name=\"fl-layout-id\" value=\"53\" \/>\n    \t\t<label for=\"pp-name-\">Nom<\/label>\n    \t\tPlease enter your name.\n    \t\t<input type=\"text\" name=\"pp-name\" id=\"pp-name-\" value=\"\" placeholder=\"Nom\"  \/>\n    \t\t<label for=\"pp-email-\">Email<\/label>\n    \t\tPlease enter a valid email address.\n    \t\t<input type=\"email\" name=\"pp-email\" id=\"pp-email-\" value=\"\" placeholder=\"Email\"  \/>\n    \t\t<label for=\"pp-message-\">Votre message<\/label>\n    \t\tPlease type your message.\n    \t\t<textarea name=\"pp-message\" id=\"pp-message-\" placeholder=\"Votre message\"><\/textarea>\n    \t<a href=\"#\" target=\"_self\" role=\"button\" rel=\"noopener\">\n    \t\t    \t\t    \t\tEnvoyer\n    \t\t    \t\t    \t<\/a>\n\t\t\tMessage Sent!\n\t\t\tMessage failed. Please try again.\n<\/form>\n\t<p>Le premier entretien et le devis sont gratuits.<\/p>\n<p>N&rsquo;h\u00e9sitez pas \u00e0 nous contacter, m\u00eame si vous n&rsquo;avez pas d&rsquo;id\u00e9e pr\u00e9cise sur l&rsquo;accompagnement que vous souhaitez. <\/p>\n<p>Nous sommes l\u00e0 pour d\u00e9finir avec vous le champ le plus pertinent \u00e0 exploiter<\/p>\n\t<p>Suivez nous<\/p>\n\n","protected":false},"excerpt":{"rendered":"<p>Nous contacter Nom Please enter your name. Email Please enter a valid email address. Votre message Please type your message. Envoyer Message Sent! Message failed. Please try again. Le premier entretien et le devis sont gratuits. N&rsquo;h\u00e9sitez pas \u00e0 nous contacter, m\u00eame si vous n&rsquo;avez pas d&rsquo;id\u00e9e pr\u00e9cise sur l&rsquo;accompagnement que vous souhaitez. Nous sommes&hellip;<\/p>\n","protected":false},"author":1,"featured_media":0,"parent":0,"menu_order":0,"comment_status":"closed","ping_status":"closed","template":"","meta":{"om_disable_all_campaigns":false,"_monsterinsights_skip_tracking":false,"_monsterinsights_sitenote_active":false,"_monsterinsights_sitenote_note":"","_monsterinsights_sitenote_category":0},"_links":{"self":[{"href":"https:\/\/xn--tablod-mwa.fr\/index.php?rest_route=\/wp\/v2\/pages\/53"}],"collection":[{"href":"https:\/\/xn--tablod-mwa.fr\/index.php?rest_route=\/wp\/v2\/pages"}],"about":[{"href":"https:\/\/xn--tablod-mwa.fr\/index.php?rest_route=\/wp\/v2\/types\/page"}],"author":[{"embeddable":true,"href":"https:\/\/xn--tablod-mwa.fr\/index.php?rest_route=\/wp\/v2\/users\/1"}],"replies":[{"embeddable":true,"href":"https:\/\/xn--tablod-mwa.fr\/index.php?rest_route=%2Fwp%2Fv2%2Fcomments&post=53"}],"version-history":[{"count":20,"href":"https:\/\/xn--tablod-mwa.fr\/index.php?rest_route=\/wp\/v2\/pages\/53\/revisions"}],"predecessor-version":[{"id":211,"href":"https:\/\/xn--tablod-mwa.fr\/index.php?rest_route=\/wp\/v2\/pages\/53\/revisions\/211"}],"wp:attachment":[{"href":"https:\/\/xn--tablod-mwa.fr\/index.php?rest_route=%2Fwp%2Fv2%2Fmedia&parent=53"}],"curies":[{"name":"wp","href":"https:\/\/api.w.org\/{rel}","templated":true}]}}