{"id":55,"date":"2022-06-15T13:34:26","date_gmt":"2022-06-15T13:34:26","guid":{"rendered":"https:\/\/xn--tablod-mwa.fr\/?page_id=55"},"modified":"2022-06-21T10:04:53","modified_gmt":"2022-06-21T10:04:53","slug":"services","status":"publish","type":"page","link":"https:\/\/xn--tablod-mwa.fr\/?page_id=55","title":{"rendered":"Manifeste"},"content":{"rendered":"\n\n\t<p><i>\u00ab\u00a0Le naturel n&rsquo;existe pas, il s&rsquo;acqui\u00e8re.\u00a0\u00bb<\/i><\/p>\n\t<p><i>Paul Val\u00e9ry<\/i><\/p>\n\t\t<h2>\n\t\t\tManifeste\n\t\t<\/h2>\n\t<p>Dans une soci\u00e9t\u00e9 d&rsquo;image, il est primordial de d&rsquo;abord soigner son propre storytelling.\u00a0 Comment se d\u00e9marquer \u00e0 l&rsquo;heure d&rsquo;Instagram, des influenceurs, au milieu de milliers de prises de paroles qui existent&#8230; au milieu de tout <i>ce bruit<\/i>\u00a0?<\/p>\n<p>Trop souvent, nous n&rsquo;avons pas le temps, pas les moyens, pas les connaissances pour le faire. Pourtant, investir dans notre communication, fa\u00e7onner nos histoires, les rendre intelligibles, sensibles, c&rsquo;est d&rsquo;abord investir sur nous.<\/p>\nL&rsquo;histoire<br \/>\nQu&rsquo;est-ce qu&rsquo;une bonne histoire\u00a0? Elle suppose une situation donn\u00e9e, un \u00e9l\u00e9ment perturbateur (appel\u00e9 aussi <i>conflit<\/i> en dramaturgie), et induit une nouvelle situation. D\u00e9couvrir, d\u00e9nicher une histoire, une <i>story<\/i> en anglais, c&rsquo;est un travail de journaliste&#8230; ou de sc\u00e9nariste. Chacun d&rsquo;entre nous regorge d&rsquo;histoires fascinantes. Encore faut-il savoir les identifier, les raconter, les polir.\n<p>\u00ab\u00a0Les hommes se distinguent par ce qu&rsquo;ils montrent et se ressemblent par ce qu&rsquo;ils cachent\u00a0\u00bb disait Paul Val\u00e9ry. Partager ses faiblesses, ses t\u00e2tonnements, ses doutes, met en lumi\u00e8re le moment magique o\u00f9 s&rsquo;ouvre la puissance d&rsquo;agir propre \u00e0 Spinoza.<\/p>\n\t\t<h2>\n\t\t\tL&rsquo;art de l&rsquo;interview\n\t\t<\/h2>\n\t<p>Nous cumulons tous des centaines d&rsquo;interviews \u00e0 notre actif. Une interview, ce n&rsquo;est pas dire \u00e0 quelqu&rsquo;un\u00a0de s&rsquo;assoir et de parler.\u00a0<\/p>\n<p>Une interview se pr\u00e9pare, se travaille, se r\u00e9fl\u00e9chit.\u00a0<\/p>\n<p>Pendant l&rsquo;entretien, il faut savoir la guider, emmener l&rsquo;interwiew\u00e9 l\u00e0 o\u00f9 le message prend tout son sens, l&rsquo;aider \u00e0 d\u00e9rouler sa pens\u00e9e. C&rsquo;est l\u00e0 l&rsquo;un des c\u0153urs de notre m\u00e9tier, et un talent qui se d\u00e9veloppe avec l&rsquo;exp\u00e9rience. C&rsquo;est pour cela que nous ne faisons appel qu&rsquo;\u00e0 des journalistes confirm\u00e9s.<\/p>\n<p>Nous n&rsquo;aurions pas lanc\u00e9 Tablo\u00efd sans la conviction qu&rsquo;il faut aujourd&rsquo;hui employer les meilleurs raconteurs journalistes et techniciens pour mettre en lumi\u00e8re les \u00e9v\u00e8nements qui ont jalonn\u00e9 votre parcours, fait qui vous \u00eates.<\/p>\n\t<p>Suivez nous<\/p>\n\n","protected":false},"excerpt":{"rendered":"<p>\u00ab\u00a0Le naturel n&rsquo;existe pas, il s&rsquo;acqui\u00e8re.\u00a0\u00bb Paul Val\u00e9ry Manifeste Dans une soci\u00e9t\u00e9 d&rsquo;image, il est primordial de d&rsquo;abord soigner son propre storytelling.\u00a0 Comment se d\u00e9marquer \u00e0 l&rsquo;heure d&rsquo;Instagram, des influenceurs, au milieu de milliers de prises de paroles qui existent&#8230; au milieu de tout ce bruit\u00a0? Trop souvent, nous n&rsquo;avons pas le temps, pas les&hellip;<\/p>\n","protected":false},"author":1,"featured_media":0,"parent":0,"menu_order":0,"comment_status":"closed","ping_status":"closed","template":"","meta":{"om_disable_all_campaigns":false,"_monsterinsights_skip_tracking":false,"_monsterinsights_sitenote_active":false,"_monsterinsights_sitenote_note":"","_monsterinsights_sitenote_category":0},"_links":{"self":[{"href":"https:\/\/xn--tablod-mwa.fr\/index.php?rest_route=\/wp\/v2\/pages\/55"}],"collection":[{"href":"https:\/\/xn--tablod-mwa.fr\/index.php?rest_route=\/wp\/v2\/pages"}],"about":[{"href":"https:\/\/xn--tablod-mwa.fr\/index.php?rest_route=\/wp\/v2\/types\/page"}],"author":[{"embeddable":true,"href":"https:\/\/xn--tablod-mwa.fr\/index.php?rest_route=\/wp\/v2\/users\/1"}],"replies":[{"embeddable":true,"href":"https:\/\/xn--tablod-mwa.fr\/index.php?rest_route=%2Fwp%2Fv2%2Fcomments&post=55"}],"version-history":[{"count":20,"href":"https:\/\/xn--tablod-mwa.fr\/index.php?rest_route=\/wp\/v2\/pages\/55\/revisions"}],"predecessor-version":[{"id":210,"href":"https:\/\/xn--tablod-mwa.fr\/index.php?rest_route=\/wp\/v2\/pages\/55\/revisions\/210"}],"wp:attachment":[{"href":"https:\/\/xn--tablod-mwa.fr\/index.php?rest_route=%2Fwp%2Fv2%2Fmedia&parent=55"}],"curies":[{"name":"wp","href":"https:\/\/api.w.org\/{rel}","templated":true}]}}